{"id":560,"date":"2020-09-24T15:06:38","date_gmt":"2020-09-24T13:06:38","guid":{"rendered":"http:\/\/www.publineon.com\/?page_id=560"},"modified":"2026-04-01T17:28:47","modified_gmt":"2026-04-01T15:28:47","slug":"chi-siamo","status":"publish","type":"page","link":"https:\/\/www.publineon.com\/?page_id=560","title":{"rendered":"Chi siamo"},"content":{"rendered":"<p><!-- Global site tag (gtag.js) - Google Ads: 1008315871 --><br \/>\n<script async=\"\" src=\"https:\/\/www.googletagmanager.com\/gtag\/js?id=AW-1008315871\"><\/script><br \/>\n<script><br \/>\n  window.dataLayer = window.dataLayer || [];<br \/>\n  function gtag(){dataLayer.push(arguments);}<br \/>\n  gtag('js', new Date());<\/p>\n<p>  gtag('config', 'AW-1008315871');<br \/>\n<\/script><\/p>\n\n\n<p>Publineon \u00e8 l\u2019unica fabbrica di insegne con sede in Canton Ticino, attiva dal 1996.<\/p>\n\n\n\n<p><br>Nasce dall\u2019intuizione imprenditoriale del Signor Giuseppe Matarazzo, che rilev\u00f2 l\u2019azienda Neon Frontini, gi\u00e0 punto di riferimento sul mercato ticinese da oltre 40 anni.<\/p>\n\n\n\n<p>Nel tempo, il team dinamico creato dal Signor Matarazzo ha continuato questa tradizione, ampliando competenze e servizi grazie a nuove tecnologie, prodotti innovativi e soluzioni sempre all\u2019avanguardia.<\/p>\n\n\n\n<p>Oggi Publineon conta 12 professionisti suddivisi tra amministrazione, reparto creativo e produzione.<\/p>\n\n\n\n<p>Il nostro lavoro parte sempre da una consulenza personalizzata, effettuiamo sopralluoghi senza impegno per valutare le reali esigenze del cliente e proporre la soluzione migliore, dal piccolo adesivo alla grande insegna.<\/p>\n\n\n\n<figure class=\"wp-block-pullquote\"><blockquote><p><strong>Mission<\/strong> <br>Entusiasmo, creativit\u00e0, professionalit\u00e0 e l&#8217;insegna che costruiremo per voi sar\u00e0 un successo per entrambi<\/p><\/blockquote><\/figure>\n\n\n\n<figure class=\"wp-block-pullquote\"><blockquote><p><strong>Vision<\/strong><br>\u201cPortare reali benefici e soddisfazioni al Cliente<br>creando in Svizzera una Leadership Ticinese forte e capace.&#8221;<\/p><\/blockquote><\/figure>\n\n\n\n<p><\/p>\n\n\n\n<p><\/p>\n\n\n\n<p><\/p>\n","protected":false},"excerpt":{"rendered":"<p>Publineon \u00e8 l\u2019unica fabbrica di insegne con sede in Canton Ticino, attiva dal 1996. Nasce dall\u2019intuizione imprenditoriale del Signor Giuseppe<\/p>\n<p><a href=\"https:\/\/www.publineon.com\/?page_id=560\" class=\"more-link\">Continue reading<span class=\"screen-reader-text\">Chi siamo<\/span><\/a><\/p>\n","protected":false},"author":1,"featured_media":0,"parent":0,"menu_order":0,"comment_status":"closed","ping_status":"closed","template":"templates\/no-sidebar.php","meta":{"footnotes":""},"class_list":["post-560","page","type-page","status-publish","hentry"],"_links":{"self":[{"href":"https:\/\/www.publineon.com\/index.php?rest_route=\/wp\/v2\/pages\/560","targetHints":{"allow":["GET"]}}],"collection":[{"href":"https:\/\/www.publineon.com\/index.php?rest_route=\/wp\/v2\/pages"}],"about":[{"href":"https:\/\/www.publineon.com\/index.php?rest_route=\/wp\/v2\/types\/page"}],"author":[{"embeddable":true,"href":"https:\/\/www.publineon.com\/index.php?rest_route=\/wp\/v2\/users\/1"}],"replies":[{"embeddable":true,"href":"https:\/\/www.publineon.com\/index.php?rest_route=%2Fwp%2Fv2%2Fcomments&post=560"}],"version-history":[{"count":8,"href":"https:\/\/www.publineon.com\/index.php?rest_route=\/wp\/v2\/pages\/560\/revisions"}],"predecessor-version":[{"id":1632,"href":"https:\/\/www.publineon.com\/index.php?rest_route=\/wp\/v2\/pages\/560\/revisions\/1632"}],"wp:attachment":[{"href":"https:\/\/www.publineon.com\/index.php?rest_route=%2Fwp%2Fv2%2Fmedia&parent=560"}],"curies":[{"name":"wp","href":"https:\/\/api.w.org\/{rel}","templated":true}]}}